{"id":12475,"date":"2023-05-17T14:31:35","date_gmt":"2023-05-17T11:31:35","guid":{"rendered":"https:\/\/dev6.nobreaks.fi\/?page_id=12475"},"modified":"2025-06-12T14:55:18","modified_gmt":"2025-06-12T11:55:18","slug":"materiaalipankki-retermia-news","status":"publish","type":"page","link":"https:\/\/dev6.nobreaks.fi\/materiaalipankki-retermia-news","title":{"rendered":"Retermia News (PDF)"},"content":{"rendered":"\t\t<div data-elementor-type=\"wp-page\" data-elementor-id=\"12475\" class=\"elementor elementor-12475\" data-elementor-post-type=\"page\">\n\t\t\t\t\t\t<section class=\"elementor-section elementor-top-section elementor-element elementor-element-3ce7367c elementor-section-height-min-height elementor-section-boxed elementor-section-height-default elementor-section-items-middle\" data-id=\"3ce7367c\" data-element_type=\"section\" data-e-type=\"section\" data-settings=\"{&quot;background_background&quot;:&quot;classic&quot;,&quot;background_motion_fx_motion_fx_scrolling&quot;:&quot;yes&quot;,&quot;background_motion_fx_scale_effect&quot;:&quot;yes&quot;,&quot;jet_parallax_layout_list&quot;:[],&quot;background_motion_fx_scale_direction&quot;:&quot;out-in&quot;,&quot;background_motion_fx_scale_speed&quot;:{&quot;unit&quot;:&quot;px&quot;,&quot;size&quot;:4,&quot;sizes&quot;:[]},&quot;background_motion_fx_scale_range&quot;:{&quot;unit&quot;:&quot;%&quot;,&quot;size&quot;:&quot;&quot;,&quot;sizes&quot;:{&quot;start&quot;:20,&quot;end&quot;:80}},&quot;background_motion_fx_devices&quot;:[&quot;desktop&quot;,&quot;tablet&quot;,&quot;mobile&quot;]}\">\n\t\t\t\t\t\t<div class=\"elementor-container elementor-column-gap-default\">\n\t\t\t\t\t<div class=\"elementor-column elementor-col-100 elementor-top-column elementor-element elementor-element-45481310\" data-id=\"45481310\" data-element_type=\"column\" data-e-type=\"column\">\n\t\t\t<div class=\"elementor-widget-wrap elementor-element-populated\">\n\t\t\t\t\t\t<div class=\"elementor-element elementor-element-18506ba4 elementor-widget elementor-widget-heading\" data-id=\"18506ba4\" data-element_type=\"widget\" data-e-type=\"widget\" data-widget_type=\"heading.default\">\n\t\t\t\t<div class=\"elementor-widget-container\">\n\t\t\t\t\t<h1 class=\"elementor-heading-title elementor-size-default\">Materiaalipankki<\/h1>\t\t\t\t<\/div>\n\t\t\t\t<\/div>\n\t\t\t\t\t<\/div>\n\t\t<\/div>\n\t\t\t\t\t<\/div>\n\t\t<\/section>\n\t\t\t\t<section class=\"elementor-section elementor-top-section elementor-element elementor-element-21cb5fb elementor-section-full_width elementor-section-height-default elementor-section-height-default\" data-id=\"21cb5fb\" data-element_type=\"section\" data-e-type=\"section\" data-settings=\"{&quot;jet_parallax_layout_list&quot;:[]}\">\n\t\t\t\t\t\t<div class=\"elementor-container elementor-column-gap-default\">\n\t\t\t\t\t<div class=\"elementor-column elementor-col-50 elementor-top-column elementor-element elementor-element-605fa6b\" data-id=\"605fa6b\" data-element_type=\"column\" data-e-type=\"column\">\n\t\t\t<div class=\"elementor-widget-wrap elementor-element-populated\">\n\t\t\t\t\t\t<div class=\"elementor-element elementor-element-1cc9add elementor-widget elementor-widget-spacer\" data-id=\"1cc9add\" data-element_type=\"widget\" data-e-type=\"widget\" data-widget_type=\"spacer.default\">\n\t\t\t\t<div class=\"elementor-widget-container\">\n\t\t\t\t\t\t\t<div class=\"elementor-spacer\">\n\t\t\t<div class=\"elementor-spacer-inner\"><\/div>\n\t\t<\/div>\n\t\t\t\t\t\t<\/div>\n\t\t\t\t<\/div>\n\t\t\t\t<div class=\"elementor-element elementor-element-ed1cdc6 elementor-widget-tablet__width-initial elementor-widget-mobile__width-initial elementor-widget elementor-widget-global elementor-global-12721 elementor-widget-jet-custom-menu\" data-id=\"ed1cdc6\" data-element_type=\"widget\" data-e-type=\"widget\" data-widget_type=\"jet-custom-menu.default\">\n\t\t\t\t<div class=\"elementor-widget-container\">\n\t\t\t\t\t<div class=\"menu-materiaalit-container\"><div class=\"jet-custom-nav jet-custom-nav--dropdown-right-side jet-custom-nav--animation-fade\" data-trigger=\"hover\"><div class=\"menu-item menu-item-type-post_type menu-item-object-page jet-custom-nav__item jet-custom-nav__item-12405\"><a href=\"https:\/\/dev6.nobreaks.fi\/materiaalipankki-videot\" class=\"jet-custom-nav__item-link\"><div class=\"jet-menu-icon\"><?xml version=\"1.0\" encoding=\"UTF-8\" standalone=\"no\"?>\n<svg xmlns:dc=\"http:\/\/purl.org\/dc\/elements\/1.1\/\" xmlns:cc=\"http:\/\/creativecommons.org\/ns#\" xmlns:rdf=\"http:\/\/www.w3.org\/1999\/02\/22-rdf-syntax-ns#\" xmlns:svg=\"http:\/\/www.w3.org\/2000\/svg\" xmlns=\"http:\/\/www.w3.org\/2000\/svg\" xmlns:sodipodi=\"http:\/\/sodipodi.sourceforge.net\/DTD\/sodipodi-0.dtd\" xmlns:inkscape=\"http:\/\/www.inkscape.org\/namespaces\/inkscape\" viewBox=\"0 -256 1792 1792\" id=\"svg3013\" version=\"1.1\" inkscape:version=\"0.48.3.1 r9886\" width=\"100%\" height=\"100%\" sodipodi:docname=\"plus_font_awesome.svg\">\n  <metadata id=\"metadata3023\"><\/metadata>\n  <defs id=\"defs3021\"><\/defs>\n  <g transform=\"matrix(1,0,0,-1,205.01695,1368.9492)\" id=\"g3015\">\n    <path d=\"M 1408,800 V 608 q 0,-40 -28,-68 -28,-28 -68,-28 H 896 V 96 Q 896,56 868,28 840,0 800,0 H 608 Q 568,0 540,28 512,56 512,96 V 512 H 96 Q 56,512 28,540 0,568 0,608 v 192 q 0,40 28,68 28,28 68,28 h 416 v 416 q 0,40 28,68 28,28 68,28 h 192 q 40,0 68,-28 28,-28 28,-68 V 896 h 416 q 40,0 68,-28 28,-28 28,-68 z\" id=\"path3017\" inkscape:connector-curvature=\"0\" style=\"fill:currentColor\"><\/path>\n  <\/g>\n<\/svg>\n<\/div><span class=\"jet-menu-link-text\"><span class=\"jet-custom-item-label top-level-label\">Videot<\/span><\/span><\/a><\/div>\n<div class=\"menu-item menu-item-type-post_type menu-item-object-page jet-custom-nav__item jet-custom-nav__item-12719\"><a href=\"https:\/\/dev6.nobreaks.fi\/materiaalipankki-retermia-news\" class=\"jet-custom-nav__item-link\"><div class=\"jet-menu-icon\"><?xml version=\"1.0\" encoding=\"UTF-8\" standalone=\"no\"?>\n<svg xmlns:dc=\"http:\/\/purl.org\/dc\/elements\/1.1\/\" xmlns:cc=\"http:\/\/creativecommons.org\/ns#\" xmlns:rdf=\"http:\/\/www.w3.org\/1999\/02\/22-rdf-syntax-ns#\" xmlns:svg=\"http:\/\/www.w3.org\/2000\/svg\" xmlns=\"http:\/\/www.w3.org\/2000\/svg\" xmlns:sodipodi=\"http:\/\/sodipodi.sourceforge.net\/DTD\/sodipodi-0.dtd\" xmlns:inkscape=\"http:\/\/www.inkscape.org\/namespaces\/inkscape\" viewBox=\"0 -256 1792 1792\" id=\"svg3013\" version=\"1.1\" inkscape:version=\"0.48.3.1 r9886\" width=\"100%\" height=\"100%\" sodipodi:docname=\"plus_font_awesome.svg\">\n  <metadata id=\"metadata3023\"><\/metadata>\n  <defs id=\"defs3021\"><\/defs>\n  <g transform=\"matrix(1,0,0,-1,205.01695,1368.9492)\" id=\"g3015\">\n    <path d=\"M 1408,800 V 608 q 0,-40 -28,-68 -28,-28 -68,-28 H 896 V 96 Q 896,56 868,28 840,0 800,0 H 608 Q 568,0 540,28 512,56 512,96 V 512 H 96 Q 56,512 28,540 0,568 0,608 v 192 q 0,40 28,68 28,28 68,28 h 416 v 416 q 0,40 28,68 28,28 68,28 h 192 q 40,0 68,-28 28,-28 28,-68 V 896 h 416 q 40,0 68,-28 28,-28 28,-68 z\" id=\"path3017\" inkscape:connector-curvature=\"0\" style=\"fill:currentColor\"><\/path>\n  <\/g>\n<\/svg>\n<\/div><span class=\"jet-menu-link-text\"><span class=\"jet-custom-item-label top-level-label\">Retermia News (PDF)<\/span><\/span><\/a><\/div>\n<div class=\"menu-item menu-item-type-post_type menu-item-object-page jet-custom-nav__item jet-custom-nav__item-12717\"><a href=\"https:\/\/dev6.nobreaks.fi\/materiaalipankki-dokumentteja-suunnittelijalle\" class=\"jet-custom-nav__item-link\"><div class=\"jet-menu-icon\"><?xml version=\"1.0\" encoding=\"UTF-8\" standalone=\"no\"?>\n<svg xmlns:dc=\"http:\/\/purl.org\/dc\/elements\/1.1\/\" xmlns:cc=\"http:\/\/creativecommons.org\/ns#\" xmlns:rdf=\"http:\/\/www.w3.org\/1999\/02\/22-rdf-syntax-ns#\" xmlns:svg=\"http:\/\/www.w3.org\/2000\/svg\" xmlns=\"http:\/\/www.w3.org\/2000\/svg\" xmlns:sodipodi=\"http:\/\/sodipodi.sourceforge.net\/DTD\/sodipodi-0.dtd\" xmlns:inkscape=\"http:\/\/www.inkscape.org\/namespaces\/inkscape\" viewBox=\"0 -256 1792 1792\" id=\"svg3013\" version=\"1.1\" inkscape:version=\"0.48.3.1 r9886\" width=\"100%\" height=\"100%\" sodipodi:docname=\"plus_font_awesome.svg\">\n  <metadata id=\"metadata3023\"><\/metadata>\n  <defs id=\"defs3021\"><\/defs>\n  <g transform=\"matrix(1,0,0,-1,205.01695,1368.9492)\" id=\"g3015\">\n    <path d=\"M 1408,800 V 608 q 0,-40 -28,-68 -28,-28 -68,-28 H 896 V 96 Q 896,56 868,28 840,0 800,0 H 608 Q 568,0 540,28 512,56 512,96 V 512 H 96 Q 56,512 28,540 0,568 0,608 v 192 q 0,40 28,68 28,28 68,28 h 416 v 416 q 0,40 28,68 28,28 68,28 h 192 q 40,0 68,-28 28,-28 28,-68 V 896 h 416 q 40,0 68,-28 28,-28 28,-68 z\" id=\"path3017\" inkscape:connector-curvature=\"0\" style=\"fill:currentColor\"><\/path>\n  <\/g>\n<\/svg>\n<\/div><span class=\"jet-menu-link-text\"><span class=\"jet-custom-item-label top-level-label\">Dokumentteja suunnittelijalle<\/span><\/span><\/a><\/div>\n<div class=\"menu-item menu-item-type-post_type menu-item-object-page jet-custom-nav__item jet-custom-nav__item-12718\"><a href=\"https:\/\/dev6.nobreaks.fi\/materiaalipankki-asennus-ja-huolto-ohjeet\" class=\"jet-custom-nav__item-link\"><div class=\"jet-menu-icon\"><?xml version=\"1.0\" encoding=\"UTF-8\" standalone=\"no\"?>\n<svg xmlns:dc=\"http:\/\/purl.org\/dc\/elements\/1.1\/\" xmlns:cc=\"http:\/\/creativecommons.org\/ns#\" xmlns:rdf=\"http:\/\/www.w3.org\/1999\/02\/22-rdf-syntax-ns#\" xmlns:svg=\"http:\/\/www.w3.org\/2000\/svg\" xmlns=\"http:\/\/www.w3.org\/2000\/svg\" xmlns:sodipodi=\"http:\/\/sodipodi.sourceforge.net\/DTD\/sodipodi-0.dtd\" xmlns:inkscape=\"http:\/\/www.inkscape.org\/namespaces\/inkscape\" viewBox=\"0 -256 1792 1792\" id=\"svg3013\" version=\"1.1\" inkscape:version=\"0.48.3.1 r9886\" width=\"100%\" height=\"100%\" sodipodi:docname=\"plus_font_awesome.svg\">\n  <metadata id=\"metadata3023\"><\/metadata>\n  <defs id=\"defs3021\"><\/defs>\n  <g transform=\"matrix(1,0,0,-1,205.01695,1368.9492)\" id=\"g3015\">\n    <path d=\"M 1408,800 V 608 q 0,-40 -28,-68 -28,-28 -68,-28 H 896 V 96 Q 896,56 868,28 840,0 800,0 H 608 Q 568,0 540,28 512,56 512,96 V 512 H 96 Q 56,512 28,540 0,568 0,608 v 192 q 0,40 28,68 28,28 68,28 h 416 v 416 q 0,40 28,68 28,28 68,28 h 192 q 40,0 68,-28 28,-28 28,-68 V 896 h 416 q 40,0 68,-28 28,-28 28,-68 z\" id=\"path3017\" inkscape:connector-curvature=\"0\" style=\"fill:currentColor\"><\/path>\n  <\/g>\n<\/svg>\n<\/div><span class=\"jet-menu-link-text\"><span class=\"jet-custom-item-label top-level-label\">Asennus- ja huolto-ohjeet<\/span><\/span><\/a><\/div>\n<div class=\"menu-item menu-item-type-post_type menu-item-object-page jet-custom-nav__item jet-custom-nav__item-12716\"><a href=\"https:\/\/dev6.nobreaks.fi\/materiaalipankki-aiheesta-muualla\" class=\"jet-custom-nav__item-link\"><div class=\"jet-menu-icon\"><?xml version=\"1.0\" encoding=\"UTF-8\" standalone=\"no\"?>\n<svg xmlns:dc=\"http:\/\/purl.org\/dc\/elements\/1.1\/\" xmlns:cc=\"http:\/\/creativecommons.org\/ns#\" xmlns:rdf=\"http:\/\/www.w3.org\/1999\/02\/22-rdf-syntax-ns#\" xmlns:svg=\"http:\/\/www.w3.org\/2000\/svg\" xmlns=\"http:\/\/www.w3.org\/2000\/svg\" xmlns:sodipodi=\"http:\/\/sodipodi.sourceforge.net\/DTD\/sodipodi-0.dtd\" xmlns:inkscape=\"http:\/\/www.inkscape.org\/namespaces\/inkscape\" viewBox=\"0 -256 1792 1792\" id=\"svg3013\" version=\"1.1\" inkscape:version=\"0.48.3.1 r9886\" width=\"100%\" height=\"100%\" sodipodi:docname=\"plus_font_awesome.svg\">\n  <metadata id=\"metadata3023\"><\/metadata>\n  <defs id=\"defs3021\"><\/defs>\n  <g transform=\"matrix(1,0,0,-1,205.01695,1368.9492)\" id=\"g3015\">\n    <path d=\"M 1408,800 V 608 q 0,-40 -28,-68 -28,-28 -68,-28 H 896 V 96 Q 896,56 868,28 840,0 800,0 H 608 Q 568,0 540,28 512,56 512,96 V 512 H 96 Q 56,512 28,540 0,568 0,608 v 192 q 0,40 28,68 28,28 68,28 h 416 v 416 q 0,40 28,68 28,28 68,28 h 192 q 40,0 68,-28 28,-28 28,-68 V 896 h 416 q 40,0 68,-28 28,-28 28,-68 z\" id=\"path3017\" inkscape:connector-curvature=\"0\" style=\"fill:currentColor\"><\/path>\n  <\/g>\n<\/svg>\n<\/div><span class=\"jet-menu-link-text\"><span class=\"jet-custom-item-label top-level-label\">Aiheesta muualla<\/span><\/span><\/a><\/div>\n<\/div><\/div>\t\t\t\t<\/div>\n\t\t\t\t<\/div>\n\t\t\t\t\t<\/div>\n\t\t<\/div>\n\t\t\t\t<div class=\"elementor-column elementor-col-50 elementor-top-column elementor-element elementor-element-827eb97\" data-id=\"827eb97\" data-element_type=\"column\" data-e-type=\"column\">\n\t\t\t<div class=\"elementor-widget-wrap elementor-element-populated\">\n\t\t\t\t\t\t<div class=\"elementor-element elementor-element-a53ea14 elementor-widget elementor-widget-global elementor-global-26384 elementor-widget-html\" data-id=\"a53ea14\" data-element_type=\"widget\" data-e-type=\"widget\" data-widget_type=\"html.default\">\n\t\t\t\t<div class=\"elementor-widget-container\">\n\t\t\t\t\t<script>\n    jQuery(function(){\n        DEARPDF.defaults.text.downloadPDFFile = \"Lataa PDF-tiedosto\";\n    });\n<\/script>\n<script>\n    jQuery(function(){\n        DEARPDF.defaults.text.gotoFirstPage = \"Siirry alkuun\";\n    });\n<\/script>\n<script>\n    jQuery(function(){\n        DEARPDF.defaults.text.gotoLastPage = \"Siirry loppuun\";\n    });\n<\/script>\n<script>\n    jQuery(function(){\n        DEARPDF.defaults.text.toggleSound = \"\u00c4\u00e4ni p\u00e4\u00e4lle\/pois\";\n    });\n<\/script>\n<script>\n    jQuery(function(){\n        DEARPDF.defaults.text.toggleOutline = \"Sis\u00e4llysluettelo p\u00e4\u00e4lle\/pois\";\n    });\n<\/script>\n<script>\n    jQuery(function(){\n        DEARPDF.defaults.text.toggleThumbnails = \"Pienoiskuvat p\u00e4\u00e4lle\/pois\";\n    });\n<\/script>\n<script>\n    jQuery(function(){\n        DEARPDF.defaults.text.zoomIn = \"L\u00e4henn\u00e4\";\n    });\n<\/script>\n<script>\n    jQuery(function(){\n        DEARPDF.defaults.text.zoomOut = \"Loitonna\";\n    });\n<\/script>\n<script>\n    jQuery(function(){\n        DEARPDF.defaults.text.toggleFullscreen = \"Avaa kokoikkunaan\";\n    });\n<\/script>\n<script>\n    jQuery(function(){\n        DEARPDF.defaults.text.share = \"Jakaminen\";\n    });\n<\/script>\t\t\t\t<\/div>\n\t\t\t\t<\/div>\n\t\t\t\t<section class=\"elementor-section elementor-inner-section elementor-element elementor-element-e6951d4 elementor-section-full_width elementor-section-height-default elementor-section-height-default\" data-id=\"e6951d4\" data-element_type=\"section\" data-e-type=\"section\" data-settings=\"{&quot;jet_parallax_layout_list&quot;:[]}\">\n\t\t\t\t\t\t<div class=\"elementor-container elementor-column-gap-default\">\n\t\t\t\t\t<div class=\"elementor-column elementor-col-33 elementor-inner-column elementor-element elementor-element-7cb6a0c\" data-id=\"7cb6a0c\" data-element_type=\"column\" data-e-type=\"column\">\n\t\t\t<div class=\"elementor-widget-wrap elementor-element-populated\">\n\t\t\t\t\t\t<div class=\"elementor-element elementor-element-4a501911 elementor-widget elementor-widget-shortcode\" data-id=\"4a501911\" data-element_type=\"widget\" data-e-type=\"widget\" data-widget_type=\"shortcode.default\">\n\t\t\t\t<div class=\"elementor-widget-container\">\n\t\t\t\t\t\t\t<div class=\"elementor-shortcode\"><div class=\"df-element df-lite\"  data-slug=\"26406\" data-_slug=\"26406\" data-title=\"rn-1-2020\" id=\"df_26406\" data-option=\"df_option_26406\" ><\/div><script class=\"df-shortcode-script\" type=\"application\/javascript\">window.df_option_26406 = {\"source\":\"https:\\\/\\\/dev6.nobreaks.fi\\\/wp-content\\\/uploads\\\/Retermia_News_2020.pdf\",\"viewerType\":\"flipbook\",\"is3D\":true,\"height\":\"500px\",\"enableSound\":false,\"slug\":\"26406\",\"id\":26406}; if(window.DEARPDF && window.DEARPDF.parseElements){window.DEARPDF.parseElements();}<\/script><\/div>\n\t\t\t\t\t\t<\/div>\n\t\t\t\t<\/div>\n\t\t\t\t\t<\/div>\n\t\t<\/div>\n\t\t\t\t<div class=\"elementor-column elementor-col-33 elementor-inner-column elementor-element elementor-element-7a0bf0b\" data-id=\"7a0bf0b\" data-element_type=\"column\" data-e-type=\"column\">\n\t\t\t<div class=\"elementor-widget-wrap elementor-element-populated\">\n\t\t\t\t\t\t<div class=\"elementor-element elementor-element-0b008f3 elementor-widget elementor-widget-shortcode\" data-id=\"0b008f3\" data-element_type=\"widget\" data-e-type=\"widget\" data-widget_type=\"shortcode.default\">\n\t\t\t\t<div class=\"elementor-widget-container\">\n\t\t\t\t\t\t\t<div class=\"elementor-shortcode\"><div class=\"df-element df-lite\"  data-slug=\"rn-2018\" data-_slug=\"rn-2018\" data-title=\"rn-2018\" id=\"df_26408\" data-option=\"df_option_26408\" ><\/div><script class=\"df-shortcode-script\" type=\"application\/javascript\">window.df_option_26408 = {\"source\":\"https:\\\/\\\/dev6.nobreaks.fi\\\/wp-content\\\/uploads\\\/Retermia_News_2018.pdf\",\"viewerType\":\"flipbook\",\"is3D\":true,\"height\":\"500px\",\"enableSound\":false,\"slug\":\"rn-2018\",\"id\":26408}; if(window.DEARPDF && window.DEARPDF.parseElements){window.DEARPDF.parseElements();}<\/script><\/div>\n\t\t\t\t\t\t<\/div>\n\t\t\t\t<\/div>\n\t\t\t\t\t<\/div>\n\t\t<\/div>\n\t\t\t\t<div class=\"elementor-column elementor-col-33 elementor-inner-column elementor-element elementor-element-8fe5f2d\" data-id=\"8fe5f2d\" data-element_type=\"column\" data-e-type=\"column\">\n\t\t\t<div class=\"elementor-widget-wrap elementor-element-populated\">\n\t\t\t\t\t\t<div class=\"elementor-element elementor-element-e91d062 elementor-widget elementor-widget-shortcode\" data-id=\"e91d062\" data-element_type=\"widget\" data-e-type=\"widget\" data-widget_type=\"shortcode.default\">\n\t\t\t\t<div class=\"elementor-widget-container\">\n\t\t\t\t\t\t\t<div class=\"elementor-shortcode\"><div class=\"df-element df-lite\"  data-slug=\"26409\" data-_slug=\"26409\" data-title=\"rn-2017\" id=\"df_26409\" data-option=\"df_option_26409\" ><\/div><script class=\"df-shortcode-script\" type=\"application\/javascript\">window.df_option_26409 = {\"source\":\"https:\\\/\\\/dev6.nobreaks.fi\\\/wp-content\\\/uploads\\\/Retermia_News_2017.pdf\",\"viewerType\":\"flipbook\",\"is3D\":true,\"height\":\"500px\",\"enableSound\":false,\"slug\":\"26409\",\"id\":26409}; if(window.DEARPDF && window.DEARPDF.parseElements){window.DEARPDF.parseElements();}<\/script><\/div>\n\t\t\t\t\t\t<\/div>\n\t\t\t\t<\/div>\n\t\t\t\t\t<\/div>\n\t\t<\/div>\n\t\t\t\t\t<\/div>\n\t\t<\/section>\n\t\t\t\t<section class=\"elementor-section elementor-inner-section elementor-element elementor-element-cf766d2 elementor-section-full_width elementor-section-height-default elementor-section-height-default\" data-id=\"cf766d2\" data-element_type=\"section\" data-e-type=\"section\" data-settings=\"{&quot;jet_parallax_layout_list&quot;:[]}\">\n\t\t\t\t\t\t<div class=\"elementor-container elementor-column-gap-default\">\n\t\t\t\t\t<div class=\"elementor-column elementor-col-33 elementor-inner-column elementor-element elementor-element-db96485\" data-id=\"db96485\" data-element_type=\"column\" data-e-type=\"column\">\n\t\t\t<div class=\"elementor-widget-wrap elementor-element-populated\">\n\t\t\t\t\t\t<div class=\"elementor-element elementor-element-a4d5eb6 elementor-widget elementor-widget-shortcode\" data-id=\"a4d5eb6\" data-element_type=\"widget\" data-e-type=\"widget\" data-widget_type=\"shortcode.default\">\n\t\t\t\t<div class=\"elementor-widget-container\">\n\t\t\t\t\t\t\t<div class=\"elementor-shortcode\"><div class=\"df-element df-lite\"  data-slug=\"rn-2016\" data-_slug=\"rn-2016\" data-title=\"rn-2016\" id=\"df_26413\" data-option=\"df_option_26413\" ><\/div><script class=\"df-shortcode-script\" type=\"application\/javascript\">window.df_option_26413 = {\"source\":\"https:\\\/\\\/dev6.nobreaks.fi\\\/wp-content\\\/uploads\\\/RetermiaNews_1_2016.pdf\",\"viewerType\":\"flipbook\",\"is3D\":true,\"height\":\"500px\",\"enableSound\":false,\"slug\":\"rn-2016\",\"id\":26413}; if(window.DEARPDF && window.DEARPDF.parseElements){window.DEARPDF.parseElements();}<\/script><\/div>\n\t\t\t\t\t\t<\/div>\n\t\t\t\t<\/div>\n\t\t\t\t\t<\/div>\n\t\t<\/div>\n\t\t\t\t<div class=\"elementor-column elementor-col-33 elementor-inner-column elementor-element elementor-element-b222c6f\" data-id=\"b222c6f\" data-element_type=\"column\" data-e-type=\"column\">\n\t\t\t<div class=\"elementor-widget-wrap elementor-element-populated\">\n\t\t\t\t\t\t<div class=\"elementor-element elementor-element-8902f6d elementor-widget elementor-widget-shortcode\" data-id=\"8902f6d\" data-element_type=\"widget\" data-e-type=\"widget\" data-widget_type=\"shortcode.default\">\n\t\t\t\t<div class=\"elementor-widget-container\">\n\t\t\t\t\t\t\t<div class=\"elementor-shortcode\"><div class=\"df-element df-lite\"  data-slug=\"rn-2015\" data-_slug=\"rn-2015\" data-title=\"rn-2015\" id=\"df_26419\" data-option=\"df_option_26419\" ><\/div><script class=\"df-shortcode-script\" type=\"application\/javascript\">window.df_option_26419 = {\"source\":\"https:\\\/\\\/dev6.nobreaks.fi\\\/wp-content\\\/uploads\\\/RetermiaNews_1_2015.pdf\",\"viewerType\":\"flipbook\",\"is3D\":true,\"height\":\"500px\",\"enableSound\":false,\"slug\":\"rn-2015\",\"id\":26419}; if(window.DEARPDF && window.DEARPDF.parseElements){window.DEARPDF.parseElements();}<\/script><\/div>\n\t\t\t\t\t\t<\/div>\n\t\t\t\t<\/div>\n\t\t\t\t\t<\/div>\n\t\t<\/div>\n\t\t\t\t<div class=\"elementor-column elementor-col-33 elementor-inner-column elementor-element elementor-element-43f6867\" data-id=\"43f6867\" data-element_type=\"column\" data-e-type=\"column\">\n\t\t\t<div class=\"elementor-widget-wrap elementor-element-populated\">\n\t\t\t\t\t\t<div class=\"elementor-element elementor-element-16fc6a5 elementor-widget elementor-widget-shortcode\" data-id=\"16fc6a5\" data-element_type=\"widget\" data-e-type=\"widget\" data-widget_type=\"shortcode.default\">\n\t\t\t\t<div class=\"elementor-widget-container\">\n\t\t\t\t\t\t\t<div class=\"elementor-shortcode\"><div class=\"df-element df-lite\"  data-slug=\"rn-2-2014\" data-_slug=\"rn-2-2014\" data-title=\"rn-2-2014\" id=\"df_26417\" data-option=\"df_option_26417\" ><\/div><script class=\"df-shortcode-script\" type=\"application\/javascript\">window.df_option_26417 = {\"source\":\"https:\\\/\\\/dev6.nobreaks.fi\\\/wp-content\\\/uploads\\\/RetermiaNews_2_2014.pdf\",\"viewerType\":\"flipbook\",\"is3D\":true,\"height\":\"500px\",\"enableSound\":false,\"slug\":\"rn-2-2014\",\"id\":26417}; if(window.DEARPDF && window.DEARPDF.parseElements){window.DEARPDF.parseElements();}<\/script><\/div>\n\t\t\t\t\t\t<\/div>\n\t\t\t\t<\/div>\n\t\t\t\t\t<\/div>\n\t\t<\/div>\n\t\t\t\t\t<\/div>\n\t\t<\/section>\n\t\t\t\t<section class=\"elementor-section elementor-inner-section elementor-element elementor-element-a44fc84 elementor-section-full_width elementor-section-height-default elementor-section-height-default\" data-id=\"a44fc84\" data-element_type=\"section\" data-e-type=\"section\" data-settings=\"{&quot;jet_parallax_layout_list&quot;:[]}\">\n\t\t\t\t\t\t<div class=\"elementor-container elementor-column-gap-default\">\n\t\t\t\t\t<div class=\"elementor-column elementor-col-33 elementor-inner-column elementor-element elementor-element-36661e6\" data-id=\"36661e6\" data-element_type=\"column\" data-e-type=\"column\">\n\t\t\t<div class=\"elementor-widget-wrap elementor-element-populated\">\n\t\t\t\t\t\t<div class=\"elementor-element elementor-element-07df332 elementor-widget elementor-widget-shortcode\" data-id=\"07df332\" data-element_type=\"widget\" data-e-type=\"widget\" data-widget_type=\"shortcode.default\">\n\t\t\t\t<div class=\"elementor-widget-container\">\n\t\t\t\t\t\t\t<div class=\"elementor-shortcode\"><div class=\"df-element df-lite\"  data-slug=\"rn-1-2014\" data-_slug=\"rn-1-2014\" data-title=\"rn-1-2014\" id=\"df_26418\" data-option=\"df_option_26418\" ><\/div><script class=\"df-shortcode-script\" type=\"application\/javascript\">window.df_option_26418 = {\"source\":\"https:\\\/\\\/dev6.nobreaks.fi\\\/wp-content\\\/uploads\\\/RetermiaNews_1_2014.pdf\",\"viewerType\":\"flipbook\",\"is3D\":true,\"height\":\"500px\",\"enableSound\":false,\"slug\":\"rn-1-2014\",\"id\":26418}; if(window.DEARPDF && window.DEARPDF.parseElements){window.DEARPDF.parseElements();}<\/script><\/div>\n\t\t\t\t\t\t<\/div>\n\t\t\t\t<\/div>\n\t\t\t\t\t<\/div>\n\t\t<\/div>\n\t\t\t\t<div class=\"elementor-column elementor-col-33 elementor-inner-column elementor-element elementor-element-48d0f8f\" data-id=\"48d0f8f\" data-element_type=\"column\" data-e-type=\"column\">\n\t\t\t<div class=\"elementor-widget-wrap\">\n\t\t\t\t\t\t\t<\/div>\n\t\t<\/div>\n\t\t\t\t<div class=\"elementor-column elementor-col-33 elementor-inner-column elementor-element elementor-element-95ce0a3\" data-id=\"95ce0a3\" data-element_type=\"column\" data-e-type=\"column\">\n\t\t\t<div class=\"elementor-widget-wrap\">\n\t\t\t\t\t\t\t<\/div>\n\t\t<\/div>\n\t\t\t\t\t<\/div>\n\t\t<\/section>\n\t\t\t\t\t<\/div>\n\t\t<\/div>\n\t\t\t\t\t<\/div>\n\t\t<\/section>\n\t\t\t\t<\/div>\n\t\t","protected":false},"excerpt":{"rendered":"<p>Retermian materiaalipankista l\u00f6yd\u00e4t Retermia Newsien 2014-2020 lis\u00e4ksi muut julkaisut, Retermia-videot, asennus- ja huolto-ohjeen sek\u00e4 dokumentit suunnittelijalle.<\/p>\n","protected":false},"author":13,"featured_media":7032,"parent":0,"menu_order":0,"comment_status":"closed","ping_status":"closed","template":"","meta":{"inline_featured_image":false,"footnotes":""},"hakunakyvyys":[],"yhteinen-luokittelutieto":[],"sivujen-luokittelutieto":[],"class_list":["post-12475","page","type-page","status-publish","has-post-thumbnail","hentry"],"_links":{"self":[{"href":"https:\/\/dev6.nobreaks.fi\/wp-json\/wp\/v2\/pages\/12475","targetHints":{"allow":["GET"]}}],"collection":[{"href":"https:\/\/dev6.nobreaks.fi\/wp-json\/wp\/v2\/pages"}],"about":[{"href":"https:\/\/dev6.nobreaks.fi\/wp-json\/wp\/v2\/types\/page"}],"author":[{"embeddable":true,"href":"https:\/\/dev6.nobreaks.fi\/wp-json\/wp\/v2\/users\/13"}],"replies":[{"embeddable":true,"href":"https:\/\/dev6.nobreaks.fi\/wp-json\/wp\/v2\/comments?post=12475"}],"version-history":[{"count":3,"href":"https:\/\/dev6.nobreaks.fi\/wp-json\/wp\/v2\/pages\/12475\/revisions"}],"predecessor-version":[{"id":34004,"href":"https:\/\/dev6.nobreaks.fi\/wp-json\/wp\/v2\/pages\/12475\/revisions\/34004"}],"wp:featuredmedia":[{"embeddable":true,"href":"https:\/\/dev6.nobreaks.fi\/wp-json\/wp\/v2\/media\/7032"}],"wp:attachment":[{"href":"https:\/\/dev6.nobreaks.fi\/wp-json\/wp\/v2\/media?parent=12475"}],"wp:term":[{"taxonomy":"hakunakyvyys","embeddable":true,"href":"https:\/\/dev6.nobreaks.fi\/wp-json\/wp\/v2\/hakunakyvyys?post=12475"},{"taxonomy":"yhteinen-luokittelutieto","embeddable":true,"href":"https:\/\/dev6.nobreaks.fi\/wp-json\/wp\/v2\/yhteinen-luokittelutieto?post=12475"},{"taxonomy":"sivujen-luokittelutieto","embeddable":true,"href":"https:\/\/dev6.nobreaks.fi\/wp-json\/wp\/v2\/sivujen-luokittelutieto?post=12475"}],"curies":[{"name":"wp","href":"https:\/\/api.w.org\/{rel}","templated":true}]}}