{"id":9242,"date":"2023-04-04T13:09:56","date_gmt":"2023-04-04T10:09:56","guid":{"rendered":"https:\/\/dev6.nobreaks.fi\/?page_id=9242"},"modified":"2023-11-21T15:46:18","modified_gmt":"2023-11-21T13:46:18","slug":"olemme-erikoistuneet-turvaluokiteltuihin-ja-maanalaisiin-tiloihin","status":"publish","type":"page","link":"https:\/\/dev6.nobreaks.fi\/olemme-erikoistuneet-turvaluokiteltuihin-ja-maanalaisiin-tiloihin","title":{"rendered":"Olemme erikoistuneet turvaluokiteltuihin ja maanalaisiin tiloihin"},"content":{"rendered":"\t\t<div data-elementor-type=\"wp-page\" data-elementor-id=\"9242\" class=\"elementor elementor-9242\" data-elementor-post-type=\"page\">\n\t\t\t\t\t\t<section class=\"elementor-section elementor-top-section elementor-element elementor-element-7db9733 elementor-section-height-min-height elementor-section-boxed elementor-section-height-default elementor-section-items-middle\" data-id=\"7db9733\" data-element_type=\"section\" data-e-type=\"section\" data-settings=\"{&quot;background_background&quot;:&quot;classic&quot;,&quot;jet_parallax_layout_list&quot;:[]}\">\n\t\t\t\t\t\t<div class=\"elementor-container elementor-column-gap-default\">\n\t\t\t\t\t<div class=\"elementor-column elementor-col-100 elementor-top-column elementor-element elementor-element-0f82738\" data-id=\"0f82738\" data-element_type=\"column\" data-e-type=\"column\">\n\t\t\t<div class=\"elementor-widget-wrap elementor-element-populated\">\n\t\t\t\t\t\t<div class=\"elementor-element elementor-element-662a470 elementor-widget elementor-widget-heading\" data-id=\"662a470\" data-element_type=\"widget\" data-e-type=\"widget\" data-widget_type=\"heading.default\">\n\t\t\t\t<div class=\"elementor-widget-container\">\n\t\t\t\t\t<h1 class=\"elementor-heading-title elementor-size-default\">Maanalaiset ja turvaluokitellut tilat<\/h1>\t\t\t\t<\/div>\n\t\t\t\t<\/div>\n\t\t\t\t\t<\/div>\n\t\t<\/div>\n\t\t\t\t\t<\/div>\n\t\t<\/section>\n\t\t\t\t<section class=\"elementor-section elementor-top-section elementor-element elementor-element-2e07b06 elementor-section-boxed elementor-section-height-default elementor-section-height-default\" data-id=\"2e07b06\" data-element_type=\"section\" data-e-type=\"section\" data-settings=\"{&quot;jet_parallax_layout_list&quot;:[]}\">\n\t\t\t\t\t\t<div class=\"elementor-container elementor-column-gap-default\">\n\t\t\t\t\t<div class=\"elementor-column elementor-col-100 elementor-top-column elementor-element elementor-element-c28532c\" data-id=\"c28532c\" data-element_type=\"column\" data-e-type=\"column\">\n\t\t\t<div class=\"elementor-widget-wrap elementor-element-populated\">\n\t\t\t\t\t\t<div class=\"elementor-element elementor-element-17a192e elementor-widget elementor-widget-spacer\" data-id=\"17a192e\" data-element_type=\"widget\" data-e-type=\"widget\" data-widget_type=\"spacer.default\">\n\t\t\t\t<div class=\"elementor-widget-container\">\n\t\t\t\t\t\t\t<div class=\"elementor-spacer\">\n\t\t\t<div class=\"elementor-spacer-inner\"><\/div>\n\t\t<\/div>\n\t\t\t\t\t\t<\/div>\n\t\t\t\t<\/div>\n\t\t\t\t<div class=\"elementor-element elementor-element-a66bd5c elementor-widget elementor-widget-heading\" data-id=\"a66bd5c\" data-element_type=\"widget\" data-e-type=\"widget\" data-widget_type=\"heading.default\">\n\t\t\t\t<div class=\"elementor-widget-container\">\n\t\t\t\t\t<h2 class=\"elementor-heading-title elementor-size-default\">Maanalaisissa tiloissa energiatehokkuus ja toimintavarmuus ratkaisevat<\/h2>\t\t\t\t<\/div>\n\t\t\t\t<\/div>\n\t\t\t\t<div class=\"elementor-element elementor-element-b949aa5 elementor-widget elementor-widget-text-editor\" data-id=\"b949aa5\" data-element_type=\"widget\" data-e-type=\"widget\" data-widget_type=\"text-editor.default\">\n\t\t\t\t<div class=\"elementor-widget-container\">\n\t\t\t\t\t\t\t\t\t<p>Suomen hyv\u00e4laatuiseen kallioper\u00e4\u00e4n on rakennettu ja tullaan tulevaisuudessakin rakentamaan tiloja monia erilaisia k\u00e4ytt\u00f6tarkoituksia varten.<\/p><p>Tyypillisi\u00e4 esimerkkej\u00e4 maanalaisista tiloista ovat pys\u00e4k\u00f6inti- ja urheiluhallit, v\u00e4est\u00f6nsuojat, johtokeskukset ja IT-teknologian vaatimat laitetilat. Tilat suunnitellaan yleens\u00e4 monik\u00e4ytt\u00f6isiksi: pys\u00e4k\u00f6inti- tai urheiluhalli voidaan varustella my\u00f6s v\u00e4est\u00f6nsuojak\u00e4ytt\u00f6\u00f6n.<\/p><p>Toimintavarmuus korostuu maanalaisten tilojen ilmanvaihtoratkaisujen valinnassa. Suuret ilmavirrat ja ymp\u00e4rivuorokautinen k\u00e4yntiaika asettavat tiukat ehdot ilmanvaihdon l\u00e4mm\u00f6ntalteenottolaitteiden l\u00e4mp\u00f6tilasuhteelle ja s\u00e4hk\u00f6tehokkuudelle.<\/p>\t\t\t\t\t\t\t\t<\/div>\n\t\t\t\t<\/div>\n\t\t\t\t<div class=\"elementor-element elementor-element-0af0cce elementor-widget elementor-widget-heading\" data-id=\"0af0cce\" data-element_type=\"widget\" data-e-type=\"widget\" data-widget_type=\"heading.default\">\n\t\t\t\t<div class=\"elementor-widget-container\">\n\t\t\t\t\t<h2 class=\"elementor-heading-title elementor-size-default\">Sulana pysyv\u00e4 ilmanvaihtokuilu turvaa toiminnan<\/h2>\t\t\t\t<\/div>\n\t\t\t\t<\/div>\n\t\t\t\t<div class=\"elementor-element elementor-element-9731346 elementor-widget elementor-widget-text-editor\" data-id=\"9731346\" data-element_type=\"widget\" data-e-type=\"widget\" data-widget_type=\"text-editor.default\">\n\t\t\t\t<div class=\"elementor-widget-container\">\n\t\t\t\t\t\t\t\t\t<p>Retermian LTO-ratkaisulla varmistetaan sek\u00e4 ulko- ett\u00e4 poistoilmakuilun pysyminen l\u00e4mpim\u00e4n\u00e4 koko pituudeltaan, ymp\u00e4ri vuoden.<\/p><p>Neulal\u00e4mm\u00f6nsiirtimist\u00e4 koostuva ep\u00e4suora nestekiertoinen l\u00e4mm\u00f6ntalteenottoj\u00e4rjestelm\u00e4 soveltuu hyvin k\u00e4ytett\u00e4v\u00e4ksi maanpinnalle johtavien, toisistaan usein kaukanakin olevien, ilmanvaihtokuilujen yhteyteen. Neulal\u00e4mm\u00f6nsiirtimist\u00e4 ilmavirtaan aiheutuva paineh\u00e4vi\u00f6 on pieni ja l\u00e4mm\u00f6nsiirrin toimii my\u00f6s ulkoilman esisuodattimena.<\/p><p>L\u00e4mm\u00f6ntalteenottopiirin tulo- ja poistopatterit sijoitetaan mieluusti ulko- ja poistoilmakuilujen yl\u00e4p\u00e4\u00e4h\u00e4n. Suuren ilmavirran vuoksi kuiluihin rakennetaan patteriseini\u00e4, jotka koostuvat useista rinnakkaisista ja p\u00e4\u00e4llekk\u00e4isist\u00e4 Retermia Standard -neulal\u00e4mm\u00f6nsiirtimist\u00e4.<\/p><p>Ulkoilmakuilun sulanapidon varmistamiseksi kuilun yl\u00e4p\u00e4\u00e4h\u00e4n sijoitetaan usein glykolikiertoisista neulal\u00e4mm\u00f6nsiirtimist\u00e4 koostuva l\u00e4mmityspatterisein\u00e4. L\u00e4mmityspatterit sijaitsevat ilman virtaussuunnassa LTO-toiminnon j\u00e4lkeen.<\/p>\t\t\t\t\t\t\t\t<\/div>\n\t\t\t\t<\/div>\n\t\t\t\t<div class=\"elementor-element elementor-element-8f8a240 elementor-widget elementor-widget-heading\" data-id=\"8f8a240\" data-element_type=\"widget\" data-e-type=\"widget\" data-widget_type=\"heading.default\">\n\t\t\t\t<div class=\"elementor-widget-container\">\n\t\t\t\t\t<h2 class=\"elementor-heading-title elementor-size-default\">Energiatehokkuutta datakeskuksen ilmanvaihtoon<\/h2>\t\t\t\t<\/div>\n\t\t\t\t<\/div>\n\t\t\t\t<div class=\"elementor-element elementor-element-9f6c62a elementor-widget elementor-widget-text-editor\" data-id=\"9f6c62a\" data-element_type=\"widget\" data-e-type=\"widget\" data-widget_type=\"text-editor.default\">\n\t\t\t\t<div class=\"elementor-widget-container\">\n\t\t\t\t\t\t\t\t\t<p>Turvaluokiteltuja IT-tiloja sijoitetaan mielell\u00e4\u00e4n maanalaisiin tiloihin, joissa rauhallinen ymp\u00e4rist\u00f6 ja rakenteellinen turvallisuus ovat helposti toteutettavissa.<\/p><p>IT-laitteet k\u00e4ytt\u00e4v\u00e4t eritt\u00e4in paljon s\u00e4hk\u00f6energiaa, joka vapautuu l\u00e4mp\u00f6n\u00e4 laitetiloihin. Laitetilojen s\u00e4hk\u00f6energian k\u00e4ytt\u00f6\u00e4 mitataan ns. PUE-luvulla. Poistoilman l\u00e4mm\u00f6ntalteenoton lis\u00e4ksi my\u00f6s IT-laitteiden tuottamaa l\u00e4mp\u00f6\u00e4 voidaan hy\u00f6dynt\u00e4\u00e4 tuloilman l\u00e4mmityksess\u00e4.<\/p><p>Erilaiset vapaaj\u00e4\u00e4hdytys- ja l\u00e4mp\u00f6pumppukytkenn\u00e4t ovatkin avainasemassa kokonaistaloudellisinta ratkaisua, pient\u00e4 PUE-lukua, haettaessa.<\/p><p>Neulal\u00e4mm\u00f6nsiirrin on alhaisten ilma- ja nestepuolen virtausvastustensa ansiosta ideaalinen tuote datakeskusten ilmanvaihdossa.<\/p><p>Yrityksess\u00e4mme on vuosikymmenten kokemuksen tuomaa vahvaa osaamista energians\u00e4\u00e4st\u00f6j\u00e4rjestelmien suunnittelusta, mitoittamisesta, vuositason simuloinneista ja optimoinneista. Olemme t\u00e4ysin kotimainen, vakavarainen ja luotettava kumppani my\u00f6s suurissa ja haastavissa kohteissa.<\/p>\t\t\t\t\t\t\t\t<\/div>\n\t\t\t\t<\/div>\n\t\t\t\t<div class=\"elementor-element elementor-element-24c3fcb elementor-blockquote--skin-border elementor-widget elementor-widget-blockquote\" data-id=\"24c3fcb\" data-element_type=\"widget\" data-e-type=\"widget\" data-widget_type=\"blockquote.default\">\n\t\t\t\t<div class=\"elementor-widget-container\">\n\t\t\t\t\t\t\t<blockquote class=\"elementor-blockquote\">\n\t\t\t<p class=\"elementor-blockquote__content\">\n\t\t\t\t\u201dEhdottomana etuna pid\u00e4mme pient\u00e4 paineh\u00e4vi\u00f6t\u00e4 ja sit\u00e4, ett\u00e4 lumen tulo estyy siirrint\u00e4 pidemm\u00e4lle. Hyv\u00e4 puoli on my\u00f6s se, ett\u00e4 l\u00e4mm\u00f6n talteenotto onnistuu osailmavirroilla ilman pelkoa laminaarivirtauksesta\u201d.\t\t\t<\/p>\n\t\t\t\t\t\t\t<div class=\"e-q-footer\">\n\t\t\t\t\t\t\t\t\t\t\t<cite class=\"elementor-blockquote__author\">Mikko \u00c4yr\u00e4v\u00e4inen, Insin\u00f6\u00f6ritoimisto \u00c4yr\u00e4v\u00e4inen Oy<\/cite>\n\t\t\t\t\t\t\t\t\t\t\t\t\t\t<\/div>\n\t\t\t\t\t<\/blockquote>\n\t\t\t\t\t\t<\/div>\n\t\t\t\t<\/div>\n\t\t\t\t<div class=\"elementor-element elementor-element-6522463 elementor-widget elementor-widget-spacer\" data-id=\"6522463\" data-element_type=\"widget\" data-e-type=\"widget\" data-widget_type=\"spacer.default\">\n\t\t\t\t<div class=\"elementor-widget-container\">\n\t\t\t\t\t\t\t<div class=\"elementor-spacer\">\n\t\t\t<div class=\"elementor-spacer-inner\"><\/div>\n\t\t<\/div>\n\t\t\t\t\t\t<\/div>\n\t\t\t\t<\/div>\n\t\t\t\t\t<\/div>\n\t\t<\/div>\n\t\t\t\t\t<\/div>\n\t\t<\/section>\n\t\t\t\t<section class=\"elementor-section elementor-top-section elementor-element elementor-element-ca60864 elementor-section-full_width elementor-section-height-default elementor-section-height-default\" data-id=\"ca60864\" data-element_type=\"section\" data-e-type=\"section\" data-settings=\"{&quot;jet_parallax_layout_list&quot;:[]}\">\n\t\t\t\t\t\t<div class=\"elementor-container elementor-column-gap-default\">\n\t\t\t\t\t<div class=\"elementor-column elementor-col-100 elementor-top-column elementor-element elementor-element-27c2556e\" data-id=\"27c2556e\" data-element_type=\"column\" data-e-type=\"column\">\n\t\t\t<div class=\"elementor-widget-wrap elementor-element-populated\">\n\t\t\t\t\t\t<section class=\"elementor-section elementor-inner-section elementor-element elementor-element-2375002e elementor-section-full_width elementor-section-height-default elementor-section-height-default\" data-id=\"2375002e\" data-element_type=\"section\" data-e-type=\"section\" data-settings=\"{&quot;jet_parallax_layout_list&quot;:[]}\">\n\t\t\t\t\t\t<div class=\"elementor-container elementor-column-gap-default\">\n\t\t\t\t\t<div class=\"elementor-column elementor-col-100 elementor-inner-column elementor-element elementor-element-58757678\" data-id=\"58757678\" data-element_type=\"column\" data-e-type=\"column\">\n\t\t\t<div class=\"elementor-widget-wrap elementor-element-populated\">\n\t\t\t\t\t\t<div class=\"elementor-element elementor-element-540346c2 elementor-widget elementor-widget-jet-smart-filters-checkboxes\" data-id=\"540346c2\" data-element_type=\"widget\" data-e-type=\"widget\" data-widget_type=\"jet-smart-filters-checkboxes.default\">\n\t\t\t\t<div class=\"elementor-widget-container\">\n\t\t\t\t\t<div class=\"jet-smart-filters-checkboxes jet-filter \" data-indexer-rule=\"show\" data-show-counter=\"\" data-change-counter=\"always\"><div class=\"jet-checkboxes-list\" data-query-type=\"tax_query\" data-query-var=\"category\" data-smart-filter=\"checkboxes\" data-filter-id=\"11411\" data-apply-type=\"ajax\" data-content-provider=\"jet-engine\" data-additional-providers=\"\" data-query-id=\"default\" data-active-label=\"\" data-layout-options=\"{&quot;show_label&quot;:&quot;&quot;,&quot;display_options&quot;:{&quot;show_items_label&quot;:false,&quot;show_decorator&quot;:false,&quot;filter_image_size&quot;:&quot;full&quot;,&quot;show_counter&quot;:false}}\" data-query-var-suffix=\"\" data-apply-on=\"value\">\n\t<fieldset class=\"jet-checkboxes-list-wrapper\"><legend style=\"display:none;\">Listaa vain maanalaiset ja turvaluokitellut<\/legend><div class=\"jet-checkboxes-list__row jet-filter-row\">\n\t\t<label\n\t\tclass=\"jet-checkboxes-list__item\"\n\t\t\t>\n\t\t<input\n\t\t\ttype=\"checkbox\"\n\t\t\tclass=\"jet-checkboxes-list__input\"\n\t\t\tname=\"category\"\n\t\t\tvalue=\"383\"\n\t\t\tdata-label=\"Lentokent\u00e4t\"\n\t\t\t\t\t\taria-label=\"Lentokent\u00e4t\"\n\t\t\t\t\t>\n\t\t<div class=\"jet-checkboxes-list__button\">\n\t\t\t\t\t\t<span class=\"jet-checkboxes-list__label\">\n\t\t\t\tLentokent\u00e4t\t\t\t<\/span>\n\t\t\t\t\t<\/div>\n\t<\/label>\n<\/div><div class=\"jet-checkboxes-list__row jet-filter-row\">\n\t\t<label\n\t\tclass=\"jet-checkboxes-list__item\"\n\t\t\t>\n\t\t<input\n\t\t\ttype=\"checkbox\"\n\t\t\tclass=\"jet-checkboxes-list__input\"\n\t\t\tname=\"category\"\n\t\t\tvalue=\"291\"\n\t\t\tdata-label=\"Maanalaiset ja turvaluokitellut\"\n\t\t\t\t\t\taria-label=\"Maanalaiset ja turvaluokitellut\"\n\t\t\t\t\t>\n\t\t<div class=\"jet-checkboxes-list__button\">\n\t\t\t\t\t\t<span class=\"jet-checkboxes-list__label\">\n\t\t\t\tMaanalaiset ja turvaluokitellut\t\t\t<\/span>\n\t\t\t\t\t<\/div>\n\t<\/label>\n<\/div><\/fieldset><\/div>\n<\/div>\t\t\t\t<\/div>\n\t\t\t\t<\/div>\n\t\t\t\t\t<\/div>\n\t\t<\/div>\n\t\t\t\t\t<\/div>\n\t\t<\/section>\n\t\t\t\t<div class=\"elementor-element elementor-element-1bd301b elementor-widget elementor-widget-jet-listing-grid\" data-id=\"1bd301b\" data-element_type=\"widget\" data-e-type=\"widget\" data-settings=\"{&quot;columns&quot;:3}\" data-widget_type=\"jet-listing-grid.default\">\n\t\t\t\t<div class=\"elementor-widget-container\">\n\t\t\t\t\t<div class=\"jet-listing-grid jet-listing\"><div class=\"jet-listing-grid__items grid-col-desk-3 grid-col-tablet-3 grid-col-mobile-3 jet-listing-grid--11366\" data-queried-id=\"9242|WP_Post\" data-nav=\"{&quot;enabled&quot;:false,&quot;type&quot;:null,&quot;more_el&quot;:null,&quot;query&quot;:[],&quot;widget_settings&quot;:{&quot;lisitng_id&quot;:11366,&quot;posts_num&quot;:99,&quot;columns&quot;:3,&quot;columns_tablet&quot;:3,&quot;columns_mobile&quot;:3,&quot;column_min_width&quot;:240,&quot;column_min_width_tablet&quot;:240,&quot;column_min_width_mobile&quot;:240,&quot;inline_columns_css&quot;:false,&quot;is_archive_template&quot;:&quot;&quot;,&quot;post_status&quot;:[&quot;publish&quot;],&quot;use_random_posts_num&quot;:&quot;&quot;,&quot;max_posts_num&quot;:9,&quot;not_found_message&quot;:&quot;No data was found&quot;,&quot;is_masonry&quot;:false,&quot;equal_columns_height&quot;:&quot;&quot;,&quot;use_load_more&quot;:&quot;&quot;,&quot;load_more_id&quot;:&quot;&quot;,&quot;load_more_type&quot;:&quot;click&quot;,&quot;load_more_offset&quot;:{&quot;unit&quot;:&quot;px&quot;,&quot;size&quot;:0,&quot;sizes&quot;:[]},&quot;use_custom_post_types&quot;:&quot;&quot;,&quot;custom_post_types&quot;:[],&quot;hide_widget_if&quot;:&quot;&quot;,&quot;carousel_enabled&quot;:&quot;&quot;,&quot;slides_to_scroll&quot;:&quot;1&quot;,&quot;arrows&quot;:&quot;true&quot;,&quot;arrow_icon&quot;:&quot;fa fa-angle-left&quot;,&quot;dots&quot;:&quot;&quot;,&quot;autoplay&quot;:&quot;true&quot;,&quot;pause_on_hover&quot;:&quot;true&quot;,&quot;autoplay_speed&quot;:5000,&quot;infinite&quot;:&quot;true&quot;,&quot;center_mode&quot;:&quot;&quot;,&quot;effect&quot;:&quot;slide&quot;,&quot;speed&quot;:500,&quot;inject_alternative_items&quot;:&quot;&quot;,&quot;injection_items&quot;:[],&quot;scroll_slider_enabled&quot;:&quot;&quot;,&quot;scroll_slider_on&quot;:[&quot;desktop&quot;,&quot;tablet&quot;,&quot;mobile&quot;],&quot;custom_query&quot;:&quot;yes&quot;,&quot;custom_query_id&quot;:&quot;7&quot;,&quot;_element_id&quot;:&quot;&quot;,&quot;collapse_first_last_gap&quot;:false,&quot;list_tag_selection&quot;:&quot;&quot;,&quot;list_items_wrapper_tag&quot;:&quot;div&quot;,&quot;list_item_tag&quot;:&quot;div&quot;,&quot;empty_items_wrapper_tag&quot;:&quot;div&quot;}}\" data-page=\"1\" data-pages=\"1\" data-listing-source=\"query\" data-listing-id=\"11366\" data-query-id=\"7\"><div class=\"jet-listing-grid__item jet-listing-dynamic-post-5314\" data-post-id=\"5314\"  ><style type=\"text\/css\">.jet-listing-dynamic-post-5314 .elementor-element.elementor-element-27113ee:not(.elementor-motion-effects-element-type-background), .jet-listing-dynamic-post-5314 .elementor-element.elementor-element-27113ee > .elementor-motion-effects-container > .elementor-motion-effects-layer{background-image:url(\"https:\/\/dev6.nobreaks.fi\/wp-content\/uploads\/AdobeStock_95331087-scaled.jpg\");}<\/style>\t\t<div data-elementor-type=\"jet-listing-items\" data-elementor-id=\"11366\" class=\"elementor elementor-11366\" data-elementor-post-type=\"jet-engine\">\n\t\t\t\t\t\t<section class=\"elementor-section elementor-top-section elementor-element elementor-element-27113ee elementor-section-full_width elementor-section-height-min-height elementor-section-height-default elementor-section-items-middle\" data-id=\"27113ee\" data-element_type=\"section\" data-e-type=\"section\" data-settings=\"{&quot;jet_parallax_layout_list&quot;:[],&quot;background_background&quot;:&quot;classic&quot;}\">\n\t\t\t\t\t\t\t<div class=\"elementor-background-overlay\"><\/div>\n\t\t\t\t\t\t\t<div class=\"elementor-container elementor-column-gap-default\">\n\t\t\t\t\t<div class=\"make-column-clickable-elementor elementor-column elementor-col-100 elementor-top-column elementor-element elementor-element-8375979\" style=\"cursor: pointer;\" data-column-clickable=\"https:\/\/dev6.nobreaks.fi\/arlanda-tukholma\" data-column-clickable-blank=\"_self\" data-id=\"8375979\" data-element_type=\"column\" data-e-type=\"column\">\n\t\t\t<div class=\"elementor-widget-wrap elementor-element-populated\">\n\t\t\t\t\t\t<div class=\"elementor-element elementor-element-ea04126 elementor-widget elementor-widget-heading\" data-id=\"ea04126\" data-element_type=\"widget\" data-e-type=\"widget\" data-widget_type=\"heading.default\">\n\t\t\t\t<div class=\"elementor-widget-container\">\n\t\t\t\t\t<h2 class=\"elementor-heading-title elementor-size-default\">Arlanda, Tukholma<\/h2>\t\t\t\t<\/div>\n\t\t\t\t<\/div>\n\t\t\t\t\t<\/div>\n\t\t<\/div>\n\t\t\t\t\t<\/div>\n\t\t<\/section>\n\t\t\t\t<\/div>\n\t\t<\/div><\/div><\/div>\t\t\t\t<\/div>\n\t\t\t\t<\/div>\n\t\t\t\t\t<\/div>\n\t\t<\/div>\n\t\t\t\t\t<\/div>\n\t\t<\/section>\n\t\t\t\t<\/div>\n\t\t","protected":false},"excerpt":{"rendered":"<p>Toimintavarmuus korostuu maanalaisten tilojen ilmanvaihtoratkaisujen valinnassa. Suuret ilmavirrat ja ymp\u00e4rivuorokautinen k\u00e4yntiaika asettavat tiukat ehdot ilmanvaihdon l\u00e4mm\u00f6ntalteenottolaitteiden l\u00e4mp\u00f6tilasuhteelle ja s\u00e4hk\u00f6tehokkuudelle.<\/p>\n","protected":false},"author":13,"featured_media":4424,"parent":0,"menu_order":0,"comment_status":"closed","ping_status":"closed","template":"elementor_header_footer","meta":{"inline_featured_image":false,"footnotes":""},"hakunakyvyys":[],"yhteinen-luokittelutieto":[],"sivujen-luokittelutieto":[],"class_list":["post-9242","page","type-page","status-publish","has-post-thumbnail","hentry"],"_links":{"self":[{"href":"https:\/\/dev6.nobreaks.fi\/wp-json\/wp\/v2\/pages\/9242","targetHints":{"allow":["GET"]}}],"collection":[{"href":"https:\/\/dev6.nobreaks.fi\/wp-json\/wp\/v2\/pages"}],"about":[{"href":"https:\/\/dev6.nobreaks.fi\/wp-json\/wp\/v2\/types\/page"}],"author":[{"embeddable":true,"href":"https:\/\/dev6.nobreaks.fi\/wp-json\/wp\/v2\/users\/13"}],"replies":[{"embeddable":true,"href":"https:\/\/dev6.nobreaks.fi\/wp-json\/wp\/v2\/comments?post=9242"}],"version-history":[{"count":0,"href":"https:\/\/dev6.nobreaks.fi\/wp-json\/wp\/v2\/pages\/9242\/revisions"}],"wp:featuredmedia":[{"embeddable":true,"href":"https:\/\/dev6.nobreaks.fi\/wp-json\/wp\/v2\/media\/4424"}],"wp:attachment":[{"href":"https:\/\/dev6.nobreaks.fi\/wp-json\/wp\/v2\/media?parent=9242"}],"wp:term":[{"taxonomy":"hakunakyvyys","embeddable":true,"href":"https:\/\/dev6.nobreaks.fi\/wp-json\/wp\/v2\/hakunakyvyys?post=9242"},{"taxonomy":"yhteinen-luokittelutieto","embeddable":true,"href":"https:\/\/dev6.nobreaks.fi\/wp-json\/wp\/v2\/yhteinen-luokittelutieto?post=9242"},{"taxonomy":"sivujen-luokittelutieto","embeddable":true,"href":"https:\/\/dev6.nobreaks.fi\/wp-json\/wp\/v2\/sivujen-luokittelutieto?post=9242"}],"curies":[{"name":"wp","href":"https:\/\/api.w.org\/{rel}","templated":true}]}}